{"id":8479,"date":"2023-03-23T19:58:33","date_gmt":"2023-03-23T19:58:33","guid":{"rendered":"https:\/\/fiosulmalhas.com.br\/site\/?post_type=product&#038;p=8479"},"modified":"2026-03-12T17:04:17","modified_gmt":"2026-03-12T17:04:17","slug":"495-new-trend","status":"publish","type":"product","link":"https:\/\/fiosulmalhas.com.br\/site\/produto\/495-new-trend\/","title":{"rendered":"495 NEW TREND"},"content":{"rendered":"<p>O Moletom New Trend oferece a combina\u00e7\u00e3o perfeita entre sustentabilidade e desempenho para suas cole\u00e7\u00f5es. Confeccionado com algod\u00e3o certificado e poli\u00e9ster PET reciclado, ele reflete uma abordagem consciente e inovadora, sem abrir m\u00e3o da qualidade. Ideal tanto para pe\u00e7as casuais e para looks despojados, sendo vers\u00e1til o suficiente para ser utilizado em todas as esta\u00e7\u00f5es. Dispon\u00edvel em uma ampla paleta de cores, o New Trend proporciona excelente maleabilidade e acabamento, facilitando o processo de confec\u00e7\u00e3o e garantindo resultados impec\u00e1veis com o toque suave e o conforto que seus clientes procuram.<\/p>\n","protected":false},"excerpt":{"rendered":"<p>O Moletom New Trend oferece a combina\u00e7\u00e3o perfeita entre sustentabilidade e desempenho para suas cole\u00e7\u00f5es. Confeccionado com algod\u00e3o certificado e poli\u00e9ster PET reciclado, ele reflete uma abordagem consciente e inovadora, sem abrir m\u00e3o da qualidade. Ideal tanto para pe\u00e7as casuais e para looks despojados, sendo vers\u00e1til o suficiente para ser utilizado em todas as esta\u00e7\u00f5es. Dispon\u00edvel em uma ampla paleta de cores, o New Trend proporciona excelente maleabilidade e acabamento, facilitando o processo de confec\u00e7\u00e3o e garantindo resultados impec\u00e1veis com o toque suave e o conforto que seus clientes procuram.<\/p>\n","protected":false},"featured_media":24193,"template":"","product_brand":[],"product_cat":[187],"product_tag":[],"class_list":{"0":"post-8479","1":"product","2":"type-product","3":"status-publish","4":"has-post-thumbnail","6":"product_cat-ultima-oportunidade","8":"first","9":"instock","10":"shipping-taxable","11":"product-type-simple"},"_links":{"self":[{"href":"https:\/\/fiosulmalhas.com.br\/site\/wp-json\/wp\/v2\/product\/8479","targetHints":{"allow":["GET"]}}],"collection":[{"href":"https:\/\/fiosulmalhas.com.br\/site\/wp-json\/wp\/v2\/product"}],"about":[{"href":"https:\/\/fiosulmalhas.com.br\/site\/wp-json\/wp\/v2\/types\/product"}],"version-history":[{"count":8,"href":"https:\/\/fiosulmalhas.com.br\/site\/wp-json\/wp\/v2\/product\/8479\/revisions"}],"predecessor-version":[{"id":13954,"href":"https:\/\/fiosulmalhas.com.br\/site\/wp-json\/wp\/v2\/product\/8479\/revisions\/13954"}],"wp:featuredmedia":[{"embeddable":true,"href":"https:\/\/fiosulmalhas.com.br\/site\/wp-json\/wp\/v2\/media\/24193"}],"wp:attachment":[{"href":"https:\/\/fiosulmalhas.com.br\/site\/wp-json\/wp\/v2\/media?parent=8479"}],"wp:term":[{"taxonomy":"product_brand","embeddable":true,"href":"https:\/\/fiosulmalhas.com.br\/site\/wp-json\/wp\/v2\/product_brand?post=8479"},{"taxonomy":"product_cat","embeddable":true,"href":"https:\/\/fiosulmalhas.com.br\/site\/wp-json\/wp\/v2\/product_cat?post=8479"},{"taxonomy":"product_tag","embeddable":true,"href":"https:\/\/fiosulmalhas.com.br\/site\/wp-json\/wp\/v2\/product_tag?post=8479"}],"curies":[{"name":"wp","href":"https:\/\/api.w.org\/{rel}","templated":true}]}}