{"id":8481,"date":"2023-03-23T20:04:14","date_gmt":"2023-03-23T20:04:14","guid":{"rendered":"https:\/\/fiosulmalhas.com.br\/site\/?post_type=product&#038;p=8481"},"modified":"2026-04-14T19:44:52","modified_gmt":"2026-04-14T19:44:52","slug":"196-moletom-3cb-patagonia","status":"publish","type":"product","link":"https:\/\/fiosulmalhas.com.br\/site\/produto\/196-moletom-3cb-patagonia\/","title":{"rendered":"196 MOLETOM 3CB PATAG\u00d4NIA"},"content":{"rendered":"<p>O Moletom Patag\u00f4nia se destaca por sua constru\u00e7\u00e3o robusta, gra\u00e7as \u00e0 sua trama de tr\u00eas cabos, proporcionando um toque suave tanto no lado externo quanto no interno, que possui acabamento peluciado. Com tecnologia Thermo, ele \u00e9 ideal para a produ\u00e7\u00e3o de pe\u00e7as voltadas para as esta\u00e7\u00f5es mais frias, proporcionando aquecimento e aconchego. Alinhado ao nosso compromisso com a sustentabilidade, o Patag\u00f4nia \u00e9 confeccionado com algod\u00e3o certificado e poli\u00e9ster PET reciclado, refor\u00e7ando nossa dedica\u00e7\u00e3o a um futuro mais verde.<\/p>\n","protected":false},"excerpt":{"rendered":"<p>O Moletom Patag\u00f4nia se destaca por sua constru\u00e7\u00e3o robusta, gra\u00e7as \u00e0 sua trama de tr\u00eas cabos, proporcionando um toque suave tanto no lado externo quanto no interno, que possui acabamento peluciado. Com tecnologia Thermo, ele \u00e9 ideal para a produ\u00e7\u00e3o de pe\u00e7as voltadas para as esta\u00e7\u00f5es mais frias, proporcionando aquecimento e aconchego. Alinhado ao nosso compromisso com a sustentabilidade, o Patag\u00f4nia \u00e9 confeccionado com algod\u00e3o certificado e poli\u00e9ster PET reciclado, refor\u00e7ando nossa dedica\u00e7\u00e3o a um futuro mais verde.<\/p>\n","protected":false},"featured_media":24176,"template":"","product_brand":[],"product_cat":[187],"product_tag":[],"class_list":{"0":"post-8481","1":"product","2":"type-product","3":"status-publish","4":"has-post-thumbnail","6":"product_cat-ultima-oportunidade","8":"first","9":"instock","10":"shipping-taxable","11":"product-type-simple"},"_links":{"self":[{"href":"https:\/\/fiosulmalhas.com.br\/site\/wp-json\/wp\/v2\/product\/8481","targetHints":{"allow":["GET"]}}],"collection":[{"href":"https:\/\/fiosulmalhas.com.br\/site\/wp-json\/wp\/v2\/product"}],"about":[{"href":"https:\/\/fiosulmalhas.com.br\/site\/wp-json\/wp\/v2\/types\/product"}],"version-history":[{"count":5,"href":"https:\/\/fiosulmalhas.com.br\/site\/wp-json\/wp\/v2\/product\/8481\/revisions"}],"predecessor-version":[{"id":25068,"href":"https:\/\/fiosulmalhas.com.br\/site\/wp-json\/wp\/v2\/product\/8481\/revisions\/25068"}],"wp:featuredmedia":[{"embeddable":true,"href":"https:\/\/fiosulmalhas.com.br\/site\/wp-json\/wp\/v2\/media\/24176"}],"wp:attachment":[{"href":"https:\/\/fiosulmalhas.com.br\/site\/wp-json\/wp\/v2\/media?parent=8481"}],"wp:term":[{"taxonomy":"product_brand","embeddable":true,"href":"https:\/\/fiosulmalhas.com.br\/site\/wp-json\/wp\/v2\/product_brand?post=8481"},{"taxonomy":"product_cat","embeddable":true,"href":"https:\/\/fiosulmalhas.com.br\/site\/wp-json\/wp\/v2\/product_cat?post=8481"},{"taxonomy":"product_tag","embeddable":true,"href":"https:\/\/fiosulmalhas.com.br\/site\/wp-json\/wp\/v2\/product_tag?post=8481"}],"curies":[{"name":"wp","href":"https:\/\/api.w.org\/{rel}","templated":true}]}}