{"id":8492,"date":"2023-03-23T20:52:31","date_gmt":"2023-03-23T20:52:31","guid":{"rendered":"https:\/\/fiosulmalhas.com.br\/site\/?post_type=product&#038;p=8492"},"modified":"2026-04-13T15:05:42","modified_gmt":"2026-04-13T15:05:42","slug":"863-urbanic","status":"publish","type":"product","link":"https:\/\/fiosulmalhas.com.br\/site\/produto\/863-urbanic\/","title":{"rendered":"863 URBANIC"},"content":{"rendered":"\t\t<div data-elementor-type=\"product-post\" data-elementor-id=\"8492\" class=\"elementor elementor-8492\" data-elementor-post-type=\"product\">\n\t\t\t\t<div class=\"elementor-element elementor-element-e8b8c0e e-flex e-con-boxed wpr-particle-no wpr-sticky-section-no e-con e-parent\" data-id=\"e8b8c0e\" data-element_type=\"container\" data-e-type=\"container\" data-settings=\"{&quot;jet_parallax_layout_list&quot;:[]}\">\n\t\t\t\t\t<div class=\"e-con-inner\">\n\t\t\t\t<div class=\"elementor-element elementor-element-42dcb9f4 elementor-widget elementor-widget-text-editor\" data-id=\"42dcb9f4\" data-element_type=\"widget\" data-e-type=\"widget\" data-widget_type=\"text-editor.default\">\n\t\t\t\t<div class=\"elementor-widget-container\">\n\t\t\t\t\t\t\t\t\t<p><span style=\"font-weight: 400;\">URBANIC combina estrutura encorpada com alta elasticidade, composta por 84% poli\u00e9ster e 16% elastano. Indicada para moda fitness e esportiva, essa \u00e9 uma malha respir\u00e1vel e com prote\u00e7\u00e3o UV 50+, que bloqueia at\u00e9 98% dos raios solares. Seu equil\u00edbrio entre funcionalidade e tecnologia faz dela uma escolha ideal para quem busca criar pe\u00e7as que unem desempenho e sofistica\u00e7\u00e3o.<\/span><span style=\"font-weight: 400;\"><br \/><\/span><\/p>\t\t\t\t\t\t\t\t<\/div>\n\t\t\t\t<\/div>\n\t\t\t\t\t<\/div>\n\t\t\t\t<\/div>\n\t\t\t\t<\/div>\n\t\t","protected":false},"excerpt":{"rendered":"<p>URBANIC combina estrutura encorpada com alta elasticidade, composta por 84% poli\u00e9ster e 16% elastano. Indicada para moda fitness e esportiva, essa \u00e9 uma malha respir\u00e1vel e com prote\u00e7\u00e3o UV 50+, que bloqueia at\u00e9 98% dos raios solares. Seu equil\u00edbrio entre funcionalidade e tecnologia faz dela uma escolha ideal para quem busca criar pe\u00e7as que unem desempenho e sofistica\u00e7\u00e3o.<\/p>\n","protected":false},"featured_media":23802,"template":"","product_brand":[],"product_cat":[44],"product_tag":[],"class_list":{"0":"post-8492","1":"product","2":"type-product","3":"status-publish","4":"has-post-thumbnail","6":"product_cat-poliester-c-elastano","8":"first","9":"instock","10":"shipping-taxable","11":"product-type-simple"},"_links":{"self":[{"href":"https:\/\/fiosulmalhas.com.br\/site\/wp-json\/wp\/v2\/product\/8492","targetHints":{"allow":["GET"]}}],"collection":[{"href":"https:\/\/fiosulmalhas.com.br\/site\/wp-json\/wp\/v2\/product"}],"about":[{"href":"https:\/\/fiosulmalhas.com.br\/site\/wp-json\/wp\/v2\/types\/product"}],"version-history":[{"count":10,"href":"https:\/\/fiosulmalhas.com.br\/site\/wp-json\/wp\/v2\/product\/8492\/revisions"}],"predecessor-version":[{"id":24875,"href":"https:\/\/fiosulmalhas.com.br\/site\/wp-json\/wp\/v2\/product\/8492\/revisions\/24875"}],"wp:featuredmedia":[{"embeddable":true,"href":"https:\/\/fiosulmalhas.com.br\/site\/wp-json\/wp\/v2\/media\/23802"}],"wp:attachment":[{"href":"https:\/\/fiosulmalhas.com.br\/site\/wp-json\/wp\/v2\/media?parent=8492"}],"wp:term":[{"taxonomy":"product_brand","embeddable":true,"href":"https:\/\/fiosulmalhas.com.br\/site\/wp-json\/wp\/v2\/product_brand?post=8492"},{"taxonomy":"product_cat","embeddable":true,"href":"https:\/\/fiosulmalhas.com.br\/site\/wp-json\/wp\/v2\/product_cat?post=8492"},{"taxonomy":"product_tag","embeddable":true,"href":"https:\/\/fiosulmalhas.com.br\/site\/wp-json\/wp\/v2\/product_tag?post=8492"}],"curies":[{"name":"wp","href":"https:\/\/api.w.org\/{rel}","templated":true}]}}