{"id":8657,"date":"2023-03-28T17:24:16","date_gmt":"2023-03-28T17:24:16","guid":{"rendered":"https:\/\/fiosulmalhas.com.br\/site\/?post_type=product&#038;p=8657"},"modified":"2026-04-14T16:38:04","modified_gmt":"2026-04-14T16:38:04","slug":"649-moove","status":"publish","type":"product","link":"https:\/\/fiosulmalhas.com.br\/site\/produto\/649-moove\/","title":{"rendered":"649 MOOVE"},"content":{"rendered":"\t\t<div data-elementor-type=\"product-post\" data-elementor-id=\"8657\" class=\"elementor elementor-8657\" data-elementor-post-type=\"product\">\n\t\t\t\t<div class=\"elementor-element elementor-element-4fe9ce8d e-flex e-con-boxed wpr-particle-no wpr-sticky-section-no e-con e-parent\" data-id=\"4fe9ce8d\" data-element_type=\"container\" data-e-type=\"container\" data-settings=\"{&quot;jet_parallax_layout_list&quot;:[]}\">\n\t\t\t\t\t<div class=\"e-con-inner\">\n\t\t\t\t<div class=\"elementor-element elementor-element-6b1a0617 elementor-widget elementor-widget-text-editor\" data-id=\"6b1a0617\" data-element_type=\"widget\" data-e-type=\"widget\" data-widget_type=\"text-editor.default\">\n\t\t\t\t<div class=\"elementor-widget-container\">\n\t\t\t\t\t\t\t\t\t<p><span style=\"font-weight: 400;\">MOOVE \u00e9 uma malha encorpada, de superf\u00edcie lisa e toque suave, que agrega sofistica\u00e7\u00e3o \u00e0s pe\u00e7as. Sua composi\u00e7\u00e3o com alto percentual de elastano favorece o ajuste ao corpo, oferecendo mobilidade e desempenho no uso. Apresenta baixa transpar\u00eancia, inclusive em tons claros, sendo indicada para produ\u00e7\u00f5es fitness que exigem seguran\u00e7a e bom acabamento.<\/span><\/p><p>\u00a0<\/p><p>\u00a0<\/p>\t\t\t\t\t\t\t\t<\/div>\n\t\t\t\t<\/div>\n\t\t\t\t\t<\/div>\n\t\t\t\t<\/div>\n\t\t\t\t<\/div>\n\t\t","protected":false},"excerpt":{"rendered":"<p>MOOVE \u00e9 uma malha encorpada, de superf\u00edcie lisa e toque suave, que agrega sofistica\u00e7\u00e3o \u00e0s pe\u00e7as. Sua composi\u00e7\u00e3o com alto percentual de elastano favorece o ajuste ao corpo, oferecendo mobilidade e desempenho no uso. Apresenta baixa transpar\u00eancia, inclusive em tons claros, sendo indicada para produ\u00e7\u00f5es fitness que exigem seguran\u00e7a e bom acabamento.<\/p>\n","protected":false},"featured_media":23816,"template":"","product_brand":[],"product_cat":[46],"product_tag":[],"class_list":{"0":"post-8657","1":"product","2":"type-product","3":"status-publish","4":"has-post-thumbnail","6":"product_cat-poliamida-c-elastano","8":"first","9":"instock","10":"shipping-taxable","11":"product-type-simple"},"_links":{"self":[{"href":"https:\/\/fiosulmalhas.com.br\/site\/wp-json\/wp\/v2\/product\/8657","targetHints":{"allow":["GET"]}}],"collection":[{"href":"https:\/\/fiosulmalhas.com.br\/site\/wp-json\/wp\/v2\/product"}],"about":[{"href":"https:\/\/fiosulmalhas.com.br\/site\/wp-json\/wp\/v2\/types\/product"}],"version-history":[{"count":13,"href":"https:\/\/fiosulmalhas.com.br\/site\/wp-json\/wp\/v2\/product\/8657\/revisions"}],"predecessor-version":[{"id":24979,"href":"https:\/\/fiosulmalhas.com.br\/site\/wp-json\/wp\/v2\/product\/8657\/revisions\/24979"}],"wp:featuredmedia":[{"embeddable":true,"href":"https:\/\/fiosulmalhas.com.br\/site\/wp-json\/wp\/v2\/media\/23816"}],"wp:attachment":[{"href":"https:\/\/fiosulmalhas.com.br\/site\/wp-json\/wp\/v2\/media?parent=8657"}],"wp:term":[{"taxonomy":"product_brand","embeddable":true,"href":"https:\/\/fiosulmalhas.com.br\/site\/wp-json\/wp\/v2\/product_brand?post=8657"},{"taxonomy":"product_cat","embeddable":true,"href":"https:\/\/fiosulmalhas.com.br\/site\/wp-json\/wp\/v2\/product_cat?post=8657"},{"taxonomy":"product_tag","embeddable":true,"href":"https:\/\/fiosulmalhas.com.br\/site\/wp-json\/wp\/v2\/product_tag?post=8657"}],"curies":[{"name":"wp","href":"https:\/\/api.w.org\/{rel}","templated":true}]}}