{"id":8951,"date":"2023-04-03T13:03:47","date_gmt":"2023-04-03T13:03:47","guid":{"rendered":"https:\/\/fiosulmalhas.com.br\/site\/?post_type=product&#038;p=8951"},"modified":"2026-03-12T16:33:14","modified_gmt":"2026-03-12T16:33:14","slug":"450","status":"publish","type":"product","link":"https:\/\/fiosulmalhas.com.br\/site\/produto\/450\/","title":{"rendered":"450 MONTARIA"},"content":{"rendered":"<p><span style=\"font-weight: 400;\">Esta \u00e9 uma base de grande sucesso. A composi\u00e7\u00e3o de poliamida, poli\u00e9ster e elastano, juntamente com uma trama bem fechada, resulta em um tecido compacto e extremamente confort\u00e1vel, permitindo a cria\u00e7\u00e3o de pe\u00e7as com um visual elegante. Essa base pode ser explorada em diversos segmentos, principalmente na moda feminina e masculina, devido \u00e0 sua excelente costurabilidade. Ela oferece a possibilidade de confeccionar pe\u00e7as sofisticadas, garantindo um conforto extremo. Essa \u00e9 uma das principais caracter\u00edsticas da moda contempor\u00e2nea.<\/span><\/p>\n<p>&nbsp;<\/p>\n<p>&nbsp;<\/p>\n","protected":false},"excerpt":{"rendered":"<p>Esta \u00e9 uma base de grande sucesso. A composi\u00e7\u00e3o de poliamida, poli\u00e9ster e elastano, juntamente com uma trama bem fechada, resulta em um tecido compacto e extremamente confort\u00e1vel, permitindo a cria\u00e7\u00e3o de pe\u00e7as com um visual elegante. Essa base pode ser explorada em diversos segmentos, principalmente na moda feminina e masculina, devido \u00e0 sua excelente costurabilidade. Ela oferece a possibilidade de confeccionar pe\u00e7as sofisticadas, garantindo um conforto extremo. Essa \u00e9 uma das principais caracter\u00edsticas da moda contempor\u00e2nea. &nbsp; &nbsp;<\/p>\n","protected":false},"featured_media":24187,"template":"","product_brand":[],"product_cat":[187],"product_tag":[],"class_list":{"0":"post-8951","1":"product","2":"type-product","3":"status-publish","4":"has-post-thumbnail","6":"product_cat-ultima-oportunidade","8":"first","9":"instock","10":"shipping-taxable","11":"product-type-simple"},"_links":{"self":[{"href":"https:\/\/fiosulmalhas.com.br\/site\/wp-json\/wp\/v2\/product\/8951","targetHints":{"allow":["GET"]}}],"collection":[{"href":"https:\/\/fiosulmalhas.com.br\/site\/wp-json\/wp\/v2\/product"}],"about":[{"href":"https:\/\/fiosulmalhas.com.br\/site\/wp-json\/wp\/v2\/types\/product"}],"version-history":[{"count":9,"href":"https:\/\/fiosulmalhas.com.br\/site\/wp-json\/wp\/v2\/product\/8951\/revisions"}],"predecessor-version":[{"id":16738,"href":"https:\/\/fiosulmalhas.com.br\/site\/wp-json\/wp\/v2\/product\/8951\/revisions\/16738"}],"wp:featuredmedia":[{"embeddable":true,"href":"https:\/\/fiosulmalhas.com.br\/site\/wp-json\/wp\/v2\/media\/24187"}],"wp:attachment":[{"href":"https:\/\/fiosulmalhas.com.br\/site\/wp-json\/wp\/v2\/media?parent=8951"}],"wp:term":[{"taxonomy":"product_brand","embeddable":true,"href":"https:\/\/fiosulmalhas.com.br\/site\/wp-json\/wp\/v2\/product_brand?post=8951"},{"taxonomy":"product_cat","embeddable":true,"href":"https:\/\/fiosulmalhas.com.br\/site\/wp-json\/wp\/v2\/product_cat?post=8951"},{"taxonomy":"product_tag","embeddable":true,"href":"https:\/\/fiosulmalhas.com.br\/site\/wp-json\/wp\/v2\/product_tag?post=8951"}],"curies":[{"name":"wp","href":"https:\/\/api.w.org\/{rel}","templated":true}]}}