{"id":8995,"date":"2023-04-05T13:04:56","date_gmt":"2023-04-05T13:04:56","guid":{"rendered":"https:\/\/fiosulmalhas.com.br\/site\/?post_type=product&#038;p=8995"},"modified":"2026-03-31T19:10:01","modified_gmt":"2026-03-31T19:10:01","slug":"407-malha-pp-antipilling-camuflada","status":"publish","type":"product","link":"https:\/\/fiosulmalhas.com.br\/site\/produto\/407-malha-pp-antipilling-camuflada\/","title":{"rendered":"407 MALHA PP ANTIPILLING CAMUFLADA"},"content":{"rendered":"<p>Malha PP Antipilling Camuflada \u00e9 um artigo de alta durabilidade, baixo encolhimento e resist\u00eancia a amassados. Com padronagem camuflada, essa malha se destaca por acompanhar tend\u00eancias sazonais, adaptando o cl\u00e1ssico estilo militar \u00e0 aplica\u00e7\u00f5es de moda modernas. Com gramatura leve, ela \u00e9 equipada com tecnologia Antipilling, que retarda o surgimento de bolinhas e tecnologia Respir\u00e1vel Dry, al\u00e9m de possui alta solidez de cores. Vers\u00e1til e inovadora, a PP Antipilling Camuflada \u00e9 uma escolha excelente tanto para moda quanto para usos profissionais, unindo estilo e praticidade com \u00f3timo custo-benef\u00edcio.<\/p>\n","protected":false},"excerpt":{"rendered":"<p>Malha PP Antipilling Camuflada \u00e9 um artigo de alta durabilidade, baixo encolhimento e resist\u00eancia a amassados. Com padronagem camuflada, essa malha se destaca por acompanhar tend\u00eancias sazonais, adaptando o cl\u00e1ssico estilo militar \u00e0 aplica\u00e7\u00f5es de moda modernas. Com gramatura leve, ela \u00e9 equipada com tecnologia Antipilling, que retarda o surgimento de bolinhas e tecnologia Respir\u00e1vel Dry, al\u00e9m de possui alta solidez de cores. Vers\u00e1til e inovadora, a PP Antipilling Camuflada \u00e9 uma escolha excelente tanto para moda quanto para usos profissionais, unindo estilo e praticidade com \u00f3timo custo-benef\u00edcio.<\/p>\n","protected":false},"featured_media":24833,"template":"","product_brand":[],"product_cat":[187],"product_tag":[],"class_list":{"0":"post-8995","1":"product","2":"type-product","3":"status-publish","4":"has-post-thumbnail","6":"product_cat-ultima-oportunidade","8":"first","9":"instock","10":"shipping-taxable","11":"product-type-simple"},"_links":{"self":[{"href":"https:\/\/fiosulmalhas.com.br\/site\/wp-json\/wp\/v2\/product\/8995","targetHints":{"allow":["GET"]}}],"collection":[{"href":"https:\/\/fiosulmalhas.com.br\/site\/wp-json\/wp\/v2\/product"}],"about":[{"href":"https:\/\/fiosulmalhas.com.br\/site\/wp-json\/wp\/v2\/types\/product"}],"version-history":[{"count":7,"href":"https:\/\/fiosulmalhas.com.br\/site\/wp-json\/wp\/v2\/product\/8995\/revisions"}],"predecessor-version":[{"id":17919,"href":"https:\/\/fiosulmalhas.com.br\/site\/wp-json\/wp\/v2\/product\/8995\/revisions\/17919"}],"wp:featuredmedia":[{"embeddable":true,"href":"https:\/\/fiosulmalhas.com.br\/site\/wp-json\/wp\/v2\/media\/24833"}],"wp:attachment":[{"href":"https:\/\/fiosulmalhas.com.br\/site\/wp-json\/wp\/v2\/media?parent=8995"}],"wp:term":[{"taxonomy":"product_brand","embeddable":true,"href":"https:\/\/fiosulmalhas.com.br\/site\/wp-json\/wp\/v2\/product_brand?post=8995"},{"taxonomy":"product_cat","embeddable":true,"href":"https:\/\/fiosulmalhas.com.br\/site\/wp-json\/wp\/v2\/product_cat?post=8995"},{"taxonomy":"product_tag","embeddable":true,"href":"https:\/\/fiosulmalhas.com.br\/site\/wp-json\/wp\/v2\/product_tag?post=8995"}],"curies":[{"name":"wp","href":"https:\/\/api.w.org\/{rel}","templated":true}]}}