{"id":8998,"date":"2023-04-06T19:53:36","date_gmt":"2023-04-06T19:53:36","guid":{"rendered":"https:\/\/fiosulmalhas.com.br\/site\/?post_type=product&#038;p=8998"},"modified":"2026-03-12T16:43:18","modified_gmt":"2026-03-12T16:43:18","slug":"463","status":"publish","type":"product","link":"https:\/\/fiosulmalhas.com.br\/site\/produto\/463\/","title":{"rendered":"463 BOREAL"},"content":{"rendered":"\t\t<div data-elementor-type=\"product-post\" data-elementor-id=\"8998\" class=\"elementor elementor-8998\" data-elementor-post-type=\"product\">\n\t\t\t\t<div class=\"elementor-element elementor-element-67b51b9d e-flex e-con-boxed wpr-particle-no wpr-sticky-section-no e-con e-parent\" data-id=\"67b51b9d\" data-element_type=\"container\" data-e-type=\"container\" data-settings=\"{&quot;jet_parallax_layout_list&quot;:[]}\">\n\t\t\t\t\t<div class=\"e-con-inner\">\n\t\t\t\t<div class=\"elementor-element elementor-element-16436d6a elementor-widget elementor-widget-text-editor\" data-id=\"16436d6a\" data-element_type=\"widget\" data-e-type=\"widget\" data-widget_type=\"text-editor.default\">\n\t\t\t\t<div class=\"elementor-widget-container\">\n\t\t\t\t\t\t\t\t\t<p>A malha Boreal oferece eleg\u00e2ncia e versatilidade, com um toque extremamente agrad\u00e1vel e elasticidade bidimensional, adaptando-se perfeitamente ao corpo. Com a tend\u00eancia met\u00e1lica em alta, ela traz um visual sofisticado, podendo ser usada de ambos os lados: um com brilho sutil e outro liso, permitindo cria\u00e7\u00f5es criativas. Ideal para pe\u00e7as superiores e inferiores, a Boreal, com sua boa gramatura e presen\u00e7a de elastano, \u00e9 perfeita para modelagens ajustadas, garantindo conforto e flexibilidade. Sublim\u00e1vel e sustent\u00e1vel, \u00e9 uma excelente op\u00e7\u00e3o para looks casuais, fitness ou fashionistas.<\/p>\t\t\t\t\t\t\t\t<\/div>\n\t\t\t\t<\/div>\n\t\t\t\t\t<\/div>\n\t\t\t\t<\/div>\n\t\t\t\t<\/div>\n\t\t","protected":false},"excerpt":{"rendered":"<p>A malha Boreal oferece eleg\u00e2ncia e versatilidade, com um toque extremamente agrad\u00e1vel e elasticidade bidimensional, adaptando-se perfeitamente ao corpo. Com a tend\u00eancia met\u00e1lica em alta, ela traz um visual sofisticado, podendo ser usada de ambos os lados: um com brilho sutil e outro liso, permitindo cria\u00e7\u00f5es criativas. Ideal para pe\u00e7as superiores e inferiores, a Boreal, com sua boa gramatura e presen\u00e7a de elastano, \u00e9 perfeita para modelagens ajustadas, garantindo conforto e flexibilidade. Sublim\u00e1vel e sustent\u00e1vel, \u00e9 uma excelente op\u00e7\u00e3o para looks casuais, fitness ou fashionistas.<\/p>\n","protected":false},"featured_media":24188,"template":"","product_brand":[],"product_cat":[187],"product_tag":[],"class_list":{"0":"post-8998","1":"product","2":"type-product","3":"status-publish","4":"has-post-thumbnail","6":"product_cat-ultima-oportunidade","8":"first","9":"instock","10":"shipping-taxable","11":"product-type-simple"},"_links":{"self":[{"href":"https:\/\/fiosulmalhas.com.br\/site\/wp-json\/wp\/v2\/product\/8998","targetHints":{"allow":["GET"]}}],"collection":[{"href":"https:\/\/fiosulmalhas.com.br\/site\/wp-json\/wp\/v2\/product"}],"about":[{"href":"https:\/\/fiosulmalhas.com.br\/site\/wp-json\/wp\/v2\/types\/product"}],"version-history":[{"count":8,"href":"https:\/\/fiosulmalhas.com.br\/site\/wp-json\/wp\/v2\/product\/8998\/revisions"}],"predecessor-version":[{"id":13855,"href":"https:\/\/fiosulmalhas.com.br\/site\/wp-json\/wp\/v2\/product\/8998\/revisions\/13855"}],"wp:featuredmedia":[{"embeddable":true,"href":"https:\/\/fiosulmalhas.com.br\/site\/wp-json\/wp\/v2\/media\/24188"}],"wp:attachment":[{"href":"https:\/\/fiosulmalhas.com.br\/site\/wp-json\/wp\/v2\/media?parent=8998"}],"wp:term":[{"taxonomy":"product_brand","embeddable":true,"href":"https:\/\/fiosulmalhas.com.br\/site\/wp-json\/wp\/v2\/product_brand?post=8998"},{"taxonomy":"product_cat","embeddable":true,"href":"https:\/\/fiosulmalhas.com.br\/site\/wp-json\/wp\/v2\/product_cat?post=8998"},{"taxonomy":"product_tag","embeddable":true,"href":"https:\/\/fiosulmalhas.com.br\/site\/wp-json\/wp\/v2\/product_tag?post=8998"}],"curies":[{"name":"wp","href":"https:\/\/api.w.org\/{rel}","templated":true}]}}