{"id":9977,"date":"2023-06-21T15:22:50","date_gmt":"2023-06-21T15:22:50","guid":{"rendered":"https:\/\/fiosulmalhas.com.br\/site\/?post_type=product&#038;p=9977"},"modified":"2026-04-14T11:30:31","modified_gmt":"2026-04-14T11:30:31","slug":"255-malha-confort-mescla","status":"publish","type":"product","link":"https:\/\/fiosulmalhas.com.br\/site\/produto\/255-malha-confort-mescla\/","title":{"rendered":"255 MALHA CONFORT MESCLA"},"content":{"rendered":"\t\t<div data-elementor-type=\"product-post\" data-elementor-id=\"9977\" class=\"elementor elementor-9977\" data-elementor-post-type=\"product\">\n\t\t\t\t<div class=\"elementor-element elementor-element-567d824b e-flex e-con-boxed wpr-particle-no wpr-sticky-section-no e-con e-parent\" data-id=\"567d824b\" data-element_type=\"container\" data-e-type=\"container\" data-settings=\"{&quot;jet_parallax_layout_list&quot;:[]}\">\n\t\t\t\t\t<div class=\"e-con-inner\">\n\t\t\t\t<div class=\"elementor-element elementor-element-f0357de elementor-widget elementor-widget-text-editor\" data-id=\"f0357de\" data-element_type=\"widget\" data-e-type=\"widget\" data-widget_type=\"text-editor.default\">\n\t\t\t\t<div class=\"elementor-widget-container\">\n\t\t\t\t\t\t\t\t\t<p><span style=\"font-weight: 400;\">MEIA MALHA PENTEADA PREMIUM MESCLA apresenta efeito mesclado que agrega valor visual \u00e0s pe\u00e7as, com padr\u00e3o de cores caracter\u00edstico do fio mescla. Produzida com fio de algod\u00e3o penteado combinado ao poli\u00e9ster, conta com fibras mais longas que contribuem para maior durabilidade e menor forma\u00e7\u00e3o de pilling, favorecendo a manuten\u00e7\u00e3o e apar\u00eancia ao longo do uso<\/span><\/p>\t\t\t\t\t\t\t\t<\/div>\n\t\t\t\t<\/div>\n\t\t\t\t\t<\/div>\n\t\t\t\t<\/div>\n\t\t\t\t<\/div>\n\t\t","protected":false},"excerpt":{"rendered":"<p>MEIA MALHA PENTEADA PREMIUM MESCLA apresenta efeito mesclado que agrega valor visual \u00e0s pe\u00e7as, com padr\u00e3o de cores caracter\u00edstico do fio mescla. Produzida com fio de algod\u00e3o penteado combinado ao poli\u00e9ster, conta com fibras mais longas que contribuem para maior durabilidade e menor forma\u00e7\u00e3o de pilling, favorecendo a manuten\u00e7\u00e3o e apar\u00eancia ao longo do uso<\/p>\n","protected":false},"featured_media":24839,"template":"","product_brand":[],"product_cat":[187],"product_tag":[],"class_list":{"0":"post-9977","1":"product","2":"type-product","3":"status-publish","4":"has-post-thumbnail","6":"product_cat-ultima-oportunidade","8":"first","9":"instock","10":"shipping-taxable","11":"product-type-simple"},"_links":{"self":[{"href":"https:\/\/fiosulmalhas.com.br\/site\/wp-json\/wp\/v2\/product\/9977","targetHints":{"allow":["GET"]}}],"collection":[{"href":"https:\/\/fiosulmalhas.com.br\/site\/wp-json\/wp\/v2\/product"}],"about":[{"href":"https:\/\/fiosulmalhas.com.br\/site\/wp-json\/wp\/v2\/types\/product"}],"version-history":[{"count":11,"href":"https:\/\/fiosulmalhas.com.br\/site\/wp-json\/wp\/v2\/product\/9977\/revisions"}],"predecessor-version":[{"id":24840,"href":"https:\/\/fiosulmalhas.com.br\/site\/wp-json\/wp\/v2\/product\/9977\/revisions\/24840"}],"wp:featuredmedia":[{"embeddable":true,"href":"https:\/\/fiosulmalhas.com.br\/site\/wp-json\/wp\/v2\/media\/24839"}],"wp:attachment":[{"href":"https:\/\/fiosulmalhas.com.br\/site\/wp-json\/wp\/v2\/media?parent=9977"}],"wp:term":[{"taxonomy":"product_brand","embeddable":true,"href":"https:\/\/fiosulmalhas.com.br\/site\/wp-json\/wp\/v2\/product_brand?post=9977"},{"taxonomy":"product_cat","embeddable":true,"href":"https:\/\/fiosulmalhas.com.br\/site\/wp-json\/wp\/v2\/product_cat?post=9977"},{"taxonomy":"product_tag","embeddable":true,"href":"https:\/\/fiosulmalhas.com.br\/site\/wp-json\/wp\/v2\/product_tag?post=9977"}],"curies":[{"name":"wp","href":"https:\/\/api.w.org\/{rel}","templated":true}]}}